

{"id":51,"date":"2023-07-10T10:56:51","date_gmt":"2023-07-10T10:56:51","guid":{"rendered":"https:\/\/nordic-oel.de\/?post_type=product&#038;p=51"},"modified":"2024-02-14T09:14:23","modified_gmt":"2024-02-14T09:14:23","slug":"3fur2-premium-15-ol","status":"publish","type":"product","link":"https:\/\/nordic-oel.de\/?product=3fur2-premium-15-ol","title":{"rendered":"3F\u00dcR2: Premium 15% \u00d6l"},"content":{"rendered":"<p>Wir stellen Ihnen unser Sonderangebotspaket f\u00fcr drei unserer hochwertigen \u00d6le vor, die jeweils eine wirksame Mischung aus nat\u00fcrlichen Pflanzenstoffen enthalten. Unsere rein nat\u00fcrlichen Extrakte werden aus biologisch angebauten Pflanzen hergestellt und mit einem hochmodernen CO2-Extraktionsverfahren extrahiert, um Reinheit und Wirksamkeit zu gew\u00e4hrleisten.<\/p>\n<p>Dieses Paket bietet Ihnen die M\u00f6glichkeit, drei unserer Premium-\u00d6l-Extrakte zum Preis von zwei zu erhalten, was Ihnen ein fantastisches Preis-Leistungs-Verh\u00e4ltnis bietet.<\/p>\n<p>Unsere extrakte enthalten 15% Wirkstoffe, damit Sie bei jeder Anwendung eine wirksame und effektive Dosis erhalten. Ganz gleich, ob Sie Ihren Schlaf verbessern, Angstzust\u00e4nde lindern oder Schmerzen und Entz\u00fcndungen bek\u00e4mpfen m\u00f6chten, unsere Extrakte sind eine nat\u00fcrliche und effektive M\u00f6glichkeit, Ihre Gesundheit und Ihr Wohlbefinden zu unterst\u00fctzen.<\/p>\n<p>Bestellen Sie jetzt und \u00fcberzeugen Sie sich selbst von den Vorteilen unserer hochwertigen Extrakte!<\/p>\n","protected":false},"excerpt":{"rendered":"<p>Wir stellen Ihnen unser Sonderangebotspaket f\u00fcr drei unserer hochwertigen \u00d6le vor, die jeweils eine wirksame Mischung aus nat\u00fcrlichen Pflanzenstoffen enthalten. Unsere rein nat\u00fcrlichen Extrakte werden aus biologisch angebauten Pflanzen hergestellt und mit einem hochmodernen CO2-Extraktionsverfahren extrahiert, um Reinheit und Wirksamkeit zu gew\u00e4hrleisten. Dieses Paket bietet Ihnen die M\u00f6glichkeit, drei unserer Premium-\u00d6l-Extrakte zum Preis von zwei [&#8230;]\n","protected":false},"featured_media":70,"comment_status":"open","ping_status":"closed","template":"","meta":[],"product_cat":[15],"product_tag":[],"class_list":{"0":"post-51","1":"product","2":"type-product","3":"status-publish","4":"has-post-thumbnail","6":"product_cat-uncategorized","8":"first","9":"instock","10":"sale","11":"shipping-taxable","12":"purchasable","13":"product-type-simple"},"_links":{"self":[{"href":"https:\/\/nordic-oel.de\/index.php?rest_route=\/wp\/v2\/product\/51","targetHints":{"allow":["GET"]}}],"collection":[{"href":"https:\/\/nordic-oel.de\/index.php?rest_route=\/wp\/v2\/product"}],"about":[{"href":"https:\/\/nordic-oel.de\/index.php?rest_route=\/wp\/v2\/types\/product"}],"replies":[{"embeddable":true,"href":"https:\/\/nordic-oel.de\/index.php?rest_route=%2Fwp%2Fv2%2Fcomments&post=51"}],"wp:featuredmedia":[{"embeddable":true,"href":"https:\/\/nordic-oel.de\/index.php?rest_route=\/wp\/v2\/media\/70"}],"wp:attachment":[{"href":"https:\/\/nordic-oel.de\/index.php?rest_route=%2Fwp%2Fv2%2Fmedia&parent=51"}],"wp:term":[{"taxonomy":"product_cat","embeddable":true,"href":"https:\/\/nordic-oel.de\/index.php?rest_route=%2Fwp%2Fv2%2Fproduct_cat&post=51"},{"taxonomy":"product_tag","embeddable":true,"href":"https:\/\/nordic-oel.de\/index.php?rest_route=%2Fwp%2Fv2%2Fproduct_tag&post=51"}],"curies":[{"name":"wp","href":"https:\/\/api.w.org\/{rel}","templated":true}]}}