

{"id":145,"date":"2024-01-03T11:07:49","date_gmt":"2024-01-03T11:07:49","guid":{"rendered":"https:\/\/nordic-oel.de\/?post_type=product&#038;p=145"},"modified":"2024-01-30T11:59:39","modified_gmt":"2024-01-30T11:59:39","slug":"3fuer2-oel-plus-30","status":"publish","type":"product","link":"https:\/\/nordic-oel.de\/?product=3fuer2-oel-plus-30","title":{"rendered":"3F\u00dcR2: \u00d6l Plus (30%)"},"content":{"rendered":"<p>Erleben Sie das Beste f\u00fcr Ihren erh\u00f6hten Bedarf mit unserem 30%igen Vollspektrum \u00d6l-Pack. Diese einzigartige Formel, kombiniert mit hochwertigem \u00d6l, pr\u00e4sentiert eine reichhaltige Mischung nat\u00fcrlicher Inhaltsstoffe<\/p>\n<p>In jeder Packung finden Sie 3 Flaschen, jede mit einer kraftvollen Mischung f\u00fcr maximale Unterst\u00fctzung. Dieses \u00d6l wurde mit einem schonenden Extraktionsverfahren hergestellt, um sicherzustellen, dass die wertvollen Inhaltsstoffe intakt bleiben. Entdecken Sie die nat\u00fcrliche Kraft der Pflanzen und erleben Sie, wie dieses 30%ige \u00d6l-Pack dazu beitragen kann, Ihr k\u00f6rperliches und geistiges Gleichgewicht wiederherzustellen.<\/p>\n","protected":false},"excerpt":{"rendered":"<p>Entdecken Sie das 30%ige Vollspektrum \u00d6l-Pack, ideal f\u00fcr Menschen mit erh\u00f6htem Bedarf. Die kraftvolle Mischung aus hochwertigem \u00d6l und nat\u00fcrlichen Inhaltsstoffen<\/p>\n","protected":false},"featured_media":146,"comment_status":"open","ping_status":"closed","template":"","meta":[],"product_cat":[15],"product_tag":[],"class_list":{"0":"post-145","1":"product","2":"type-product","3":"status-publish","4":"has-post-thumbnail","6":"product_cat-uncategorized","8":"first","9":"instock","10":"sale","11":"shipping-taxable","12":"purchasable","13":"product-type-simple"},"_links":{"self":[{"href":"https:\/\/nordic-oel.de\/index.php?rest_route=\/wp\/v2\/product\/145","targetHints":{"allow":["GET"]}}],"collection":[{"href":"https:\/\/nordic-oel.de\/index.php?rest_route=\/wp\/v2\/product"}],"about":[{"href":"https:\/\/nordic-oel.de\/index.php?rest_route=\/wp\/v2\/types\/product"}],"replies":[{"embeddable":true,"href":"https:\/\/nordic-oel.de\/index.php?rest_route=%2Fwp%2Fv2%2Fcomments&post=145"}],"wp:featuredmedia":[{"embeddable":true,"href":"https:\/\/nordic-oel.de\/index.php?rest_route=\/wp\/v2\/media\/146"}],"wp:attachment":[{"href":"https:\/\/nordic-oel.de\/index.php?rest_route=%2Fwp%2Fv2%2Fmedia&parent=145"}],"wp:term":[{"taxonomy":"product_cat","embeddable":true,"href":"https:\/\/nordic-oel.de\/index.php?rest_route=%2Fwp%2Fv2%2Fproduct_cat&post=145"},{"taxonomy":"product_tag","embeddable":true,"href":"https:\/\/nordic-oel.de\/index.php?rest_route=%2Fwp%2Fv2%2Fproduct_tag&post=145"}],"curies":[{"name":"wp","href":"https:\/\/api.w.org\/{rel}","templated":true}]}}