

{"id":141,"date":"2024-01-03T10:57:53","date_gmt":"2024-01-03T10:57:53","guid":{"rendered":"https:\/\/nordic-oel.de\/?post_type=product&#038;p=141"},"modified":"2024-02-14T09:13:25","modified_gmt":"2024-02-14T09:13:25","slug":"3fuer2-oel-plus-10","status":"publish","type":"product","link":"https:\/\/nordic-oel.de\/?product=3fuer2-oel-plus-10","title":{"rendered":"3F\u00dcR2: \u00d6l Plus (10%)"},"content":{"rendered":"<div class=\"flex-1 overflow-hidden\">\n<div class=\"react-scroll-to-bottom--css-tsbgn-79elbk h-full\">\n<div class=\"react-scroll-to-bottom--css-tsbgn-1n7m0yu\">\n<div class=\"flex flex-col pb-9 text-sm\">\n<div class=\"w-full text-token-text-primary\" data-testid=\"conversation-turn-15\">\n<div class=\"px-4 py-2 justify-center text-base md:gap-6 m-auto\">\n<div class=\"flex flex-1 text-base mx-auto gap-3 md:px-5 lg:px-1 xl:px-5 md:max-w-3xl lg:max-w-[40rem] xl:max-w-[48rem] group final-completion\">\n<div class=\"relative flex w-full flex-col lg:w-[calc(100%-115px)] agent-turn\">\n<div class=\"flex-col gap-1 md:gap-3\">\n<div class=\"flex flex-grow flex-col max-w-full\">\n<div class=\"min-h-[20px] text-message flex flex-col items-start gap-3 whitespace-pre-wrap break-words [.text-message+&amp;]:mt-5 overflow-x-auto\" data-message-author-role=\"assistant\" data-message-id=\"52d6586d-7d63-4b59-9ada-2314eaeae383\">\n<div class=\"markdown prose w-full break-words dark:prose-invert dark\">\n<p>Tauchen Sie ein in die Welt des k\u00f6rperlichen Wohlbefindens mit unserem 10%igen Vollspektrum \u00d6l, das sowohl f\u00fcr Einsteiger als auch Fortgeschrittene geeignet ist. Diese einzigartige Formel kombiniert hochwertiges \u00d6l mit einem reichhaltigen Vollspektrum, der eine Vielzahl nat\u00fcrlicher Inhaltsstoffe enth\u00e4lt.<\/p>\n<p>In jeder Flasche finden Sie eine kraftvolle Mischung. Diese synergetische Kombination wurde sorgf\u00e4ltig entwickelt, um ein umfassendes Erlebnis zu bieten, das \u00fcber herk\u00f6mmliche Produkte hinausgeht.<\/p>\n<\/div>\n<\/div>\n<\/div>\n<div class=\"mt-1 flex justify-start gap-3 empty:hidden\">\n<div class=\"text-gray-400 flex self-end lg:self-center justify-center lg:justify-start mt-0 gap-1 visible\">\n<p>&nbsp;<\/p>\n<div class=\"flex gap-1\"><\/div>\n<div class=\"flex items-center gap-1.5 text-xs\"><\/div>\n<\/div>\n<\/div>\n<\/div>\n<\/div>\n<\/div>\n<\/div>\n<\/div>\n<\/div>\n<\/div>\n<\/div>\n<\/div>\n<div class=\"w-full pt-2 md:pt-0 dark:border-white\/20 md:border-transparent md:dark:border-transparent md:w-[calc(100%-.5rem)]\">\n<form class=\"stretch mx-2 flex flex-row gap-3 last:mb-2 md:mx-4 md:last:mb-6 lg:mx-auto lg:max-w-2xl xl:max-w-3xl\">\n<div class=\"relative flex h-full flex-1 items-stretch md:flex-col\">\n<div class=\"flex w-full items-center\"><\/div>\n<\/div>\n<\/form>\n<\/div>\n","protected":false},"excerpt":{"rendered":"<p>Entdecken Sie unser 10%iges Vollspektrum \u00d6l \u2013 perfekt f\u00fcr Einsteiger und Fortgeschrittene, die ihr k\u00f6rperliches Wohlbefinden unterst\u00fctzen m\u00f6chten. Die kraftvolle Mischung aus hochwertigem \u00d6l und Vollspektrum-extrakt enth\u00e4lt nat\u00fcrliche Inhaltsstoffe,<\/p>\n","protected":false},"featured_media":142,"comment_status":"open","ping_status":"closed","template":"","meta":[],"product_cat":[15],"product_tag":[],"class_list":{"0":"post-141","1":"product","2":"type-product","3":"status-publish","4":"has-post-thumbnail","6":"product_cat-uncategorized","8":"first","9":"instock","10":"sale","11":"shipping-taxable","12":"purchasable","13":"product-type-simple"},"_links":{"self":[{"href":"https:\/\/nordic-oel.de\/index.php?rest_route=\/wp\/v2\/product\/141","targetHints":{"allow":["GET"]}}],"collection":[{"href":"https:\/\/nordic-oel.de\/index.php?rest_route=\/wp\/v2\/product"}],"about":[{"href":"https:\/\/nordic-oel.de\/index.php?rest_route=\/wp\/v2\/types\/product"}],"replies":[{"embeddable":true,"href":"https:\/\/nordic-oel.de\/index.php?rest_route=%2Fwp%2Fv2%2Fcomments&post=141"}],"wp:featuredmedia":[{"embeddable":true,"href":"https:\/\/nordic-oel.de\/index.php?rest_route=\/wp\/v2\/media\/142"}],"wp:attachment":[{"href":"https:\/\/nordic-oel.de\/index.php?rest_route=%2Fwp%2Fv2%2Fmedia&parent=141"}],"wp:term":[{"taxonomy":"product_cat","embeddable":true,"href":"https:\/\/nordic-oel.de\/index.php?rest_route=%2Fwp%2Fv2%2Fproduct_cat&post=141"},{"taxonomy":"product_tag","embeddable":true,"href":"https:\/\/nordic-oel.de\/index.php?rest_route=%2Fwp%2Fv2%2Fproduct_tag&post=141"}],"curies":[{"name":"wp","href":"https:\/\/api.w.org\/{rel}","templated":true}]}}