

{"id":139,"date":"2024-01-03T10:53:37","date_gmt":"2024-01-03T10:53:37","guid":{"rendered":"https:\/\/nordic-oel.de\/?post_type=product&#038;p=139"},"modified":"2024-02-14T09:14:01","modified_gmt":"2024-02-14T09:14:01","slug":"3fuer2-oel-plus-5","status":"publish","type":"product","link":"https:\/\/nordic-oel.de\/?product=3fuer2-oel-plus-5","title":{"rendered":"3F\u00dcR2: \u00d6l Plus (5%)"},"content":{"rendered":"<p>Erfahren Sie das nat\u00fcrliche Wohlbefinden und die Harmonie Ihres K\u00f6rpers mit unserer Leichtversion, speziell entwickelt f\u00fcr Einsteiger. Unsere Vollspektrum-Formel pr\u00e4sentiert sich mit einem angenehmen, Geschmack und ist perfekt f\u00fcr eine behutsame Mikrodosierung geeignet.<\/p>\n<p>In jeder Packung finden Sie 3 Flaschen, jede mit etwa 250. Jeder liefert stolze 2 mg f\u00fcr eine pr\u00e4zise Dosierung. Dieses Produkt ist darauf ausgerichtet, Ihnen ein umfassendes Erlebnis zu bieten, das \u00fcber herk\u00f6mmliche Optionen hinausgeht.<\/p>\n<p>Entdecken Sie, wie leicht es sein kann, Ihrem K\u00f6rper das zu geben, was er verdient. G\u00f6nnen Sie sich das Beste f\u00fcr Ihr Wohlbefinden und erleben Sie die harmonisierende Wirkung unserer Leichtversion \u2013 jetzt in einer praktischen Packung mit insgesamt ca. 750 f\u00fcr langanhaltende Unterst\u00fctzung.<\/p>\n","protected":false},"excerpt":{"rendered":"<p>Erforschen Sie das nat\u00fcrliche Wohlbefinden mit unserer Einstiegsleichtversion! Die Vollspektrum-Formel mit einem Hauch von geschmack eignet sich perfekt f\u00fcr eine sanfte Mikrodosierung. Jede Packung enth\u00e4lt 3 Flaschen, die zusammen etwa 750 enthalten (2 mg pro) und enth\u00e4lt zus\u00e4tzlich einen 5%igen \u00d6lanteil f\u00fcr optimale Wirkung.<\/p>\n","protected":false},"featured_media":140,"comment_status":"open","ping_status":"closed","template":"","meta":[],"product_cat":[15],"product_tag":[],"class_list":{"0":"post-139","1":"product","2":"type-product","3":"status-publish","4":"has-post-thumbnail","6":"product_cat-uncategorized","8":"first","9":"instock","10":"sale","11":"shipping-taxable","12":"purchasable","13":"product-type-simple"},"_links":{"self":[{"href":"https:\/\/nordic-oel.de\/index.php?rest_route=\/wp\/v2\/product\/139","targetHints":{"allow":["GET"]}}],"collection":[{"href":"https:\/\/nordic-oel.de\/index.php?rest_route=\/wp\/v2\/product"}],"about":[{"href":"https:\/\/nordic-oel.de\/index.php?rest_route=\/wp\/v2\/types\/product"}],"replies":[{"embeddable":true,"href":"https:\/\/nordic-oel.de\/index.php?rest_route=%2Fwp%2Fv2%2Fcomments&post=139"}],"wp:featuredmedia":[{"embeddable":true,"href":"https:\/\/nordic-oel.de\/index.php?rest_route=\/wp\/v2\/media\/140"}],"wp:attachment":[{"href":"https:\/\/nordic-oel.de\/index.php?rest_route=%2Fwp%2Fv2%2Fmedia&parent=139"}],"wp:term":[{"taxonomy":"product_cat","embeddable":true,"href":"https:\/\/nordic-oel.de\/index.php?rest_route=%2Fwp%2Fv2%2Fproduct_cat&post=139"},{"taxonomy":"product_tag","embeddable":true,"href":"https:\/\/nordic-oel.de\/index.php?rest_route=%2Fwp%2Fv2%2Fproduct_tag&post=139"}],"curies":[{"name":"wp","href":"https:\/\/api.w.org\/{rel}","templated":true}]}}