

{"id":87,"date":"2023-07-10T12:31:00","date_gmt":"2023-07-10T12:31:00","guid":{"rendered":"https:\/\/nordic-oel.de\/?page_id=87"},"modified":"2023-07-10T12:31:51","modified_gmt":"2023-07-10T12:31:51","slug":"kontakt","status":"publish","type":"page","link":"https:\/\/nordic-oel.de\/?page_id=87","title":{"rendered":"Kontakt"},"content":{"rendered":"\n<div class=\"row\"  id=\"row-1526819188\">\n\n\n\t<div id=\"col-518702121\" class=\"col medium-6 small-12 large-6\"  >\n\t\t\t\t<div class=\"col-inner\"  >\n\t\t\t\n\t\t\t\n\n<p>Kontaktieren Sie uns<\/p>\n<p>Wir freuen uns, von Ihnen zu h\u00f6ren! Bei Fragen, Anregungen oder Unterst\u00fctzungsbedarf stehen wir Ihnen gerne zur Verf\u00fcgung. Sie k\u00f6nnen uns per E-Mail, Telefon oder \u00fcber das untenstehende Kontaktformular erreichen.<\/p>\n<p>E-Mail:\u00a0<a href=\"mailto:support@heutegesund.net\" target=\"_new\" rel=\"noopener\">support@n<\/a>ordic-oel.de\u00a0Telefon: +49 0151 25027859<\/p>\n<p>Unser engagiertes Kundensupport-Team steht Ihnen w\u00e4hrend unserer Gesch\u00e4ftszeiten zur Verf\u00fcgung, um Ihnen bei allen Anliegen behilflich zu sein. Wir streben danach, Ihre Anfragen so schnell wie m\u00f6glich zu beantworten und Ihnen den bestm\u00f6glichen Service zu bieten.<\/p>\n<p>Bitte z\u00f6gern Sie nicht, uns zu kontaktieren. Ihr Feedback und Ihre Fragen sind uns wichtig, um Ihre Erfahrung auf heutegesund.net kontinuierlich zu verbessern. Wir freuen uns darauf, Ihnen weiterzuhelfen und Ihnen ein H\u00f6chstma\u00df an Kundenzufriedenheit zu bieten.<\/p>\n\n\t\t<\/div>\n\t\t\t\t\t<\/div>\n\n\t\n\n\t<div id=\"col-308403606\" class=\"col medium-6 small-12 large-6\"  >\n\t\t\t\t<div class=\"col-inner\"  >\n\t\t\t\n\t\t\t\n\n\n<div class=\"wpcf7 no-js\" id=\"wpcf7-f24-o1\" lang=\"en-US\" dir=\"ltr\">\n<div class=\"screen-reader-response\"><p role=\"status\" aria-live=\"polite\" aria-atomic=\"true\"><\/p> <ul><\/ul><\/div>\n<form action=\"\/index.php?rest_route=%2Fwp%2Fv2%2Fpages%2F87#wpcf7-f24-o1\" method=\"post\" class=\"wpcf7-form init\" aria-label=\"Contact form\" novalidate=\"novalidate\" data-status=\"init\">\n<div style=\"display: none;\">\n<input type=\"hidden\" name=\"_wpcf7\" value=\"24\" \/>\n<input type=\"hidden\" name=\"_wpcf7_version\" value=\"5.8.5\" \/>\n<input type=\"hidden\" name=\"_wpcf7_locale\" value=\"en_US\" \/>\n<input type=\"hidden\" name=\"_wpcf7_unit_tag\" value=\"wpcf7-f24-o1\" \/>\n<input type=\"hidden\" name=\"_wpcf7_container_post\" value=\"0\" \/>\n<input type=\"hidden\" name=\"_wpcf7_posted_data_hash\" value=\"\" \/>\n<\/div>\n<p><label> Name<br \/>\n<span class=\"wpcf7-form-control-wrap\" data-name=\"your-name\"><input size=\"40\" class=\"wpcf7-form-control wpcf7-text wpcf7-validates-as-required\" autocomplete=\"name\" aria-required=\"true\" aria-invalid=\"false\" value=\"\" type=\"text\" name=\"your-name\" \/><\/span> <\/label>\n<\/p>\n<p><label> Email<br \/>\n<span class=\"wpcf7-form-control-wrap\" data-name=\"your-email\"><input size=\"40\" class=\"wpcf7-form-control wpcf7-email wpcf7-validates-as-required wpcf7-text wpcf7-validates-as-email\" autocomplete=\"email\" aria-required=\"true\" aria-invalid=\"false\" value=\"\" type=\"email\" name=\"your-email\" \/><\/span> <\/label>\n<\/p>\n<p><label> Ihre Nachricht<br \/>\n<span class=\"wpcf7-form-control-wrap\" data-name=\"your-message\"><textarea cols=\"40\" rows=\"10\" class=\"wpcf7-form-control wpcf7-textarea\" aria-invalid=\"false\" name=\"your-message\"><\/textarea><\/span> <\/label>\n<\/p>\n<p><input class=\"wpcf7-form-control wpcf7-submit has-spinner\" type=\"submit\" value=\"Einreichen\" \/>\n<\/p><div class=\"wpcf7-response-output\" aria-hidden=\"true\"><\/div>\n<\/form>\n<\/div>\n\n\n\n\t\t<\/div>\n\t\t\t\t\t<\/div>\n\n\t\n\n<\/div>\n\n","protected":false},"excerpt":{"rendered":"","protected":false},"author":1,"featured_media":0,"parent":0,"menu_order":0,"comment_status":"closed","ping_status":"closed","template":"","meta":{"footnotes":""},"class_list":["post-87","page","type-page","status-publish","hentry"],"_links":{"self":[{"href":"https:\/\/nordic-oel.de\/index.php?rest_route=\/wp\/v2\/pages\/87","targetHints":{"allow":["GET"]}}],"collection":[{"href":"https:\/\/nordic-oel.de\/index.php?rest_route=\/wp\/v2\/pages"}],"about":[{"href":"https:\/\/nordic-oel.de\/index.php?rest_route=\/wp\/v2\/types\/page"}],"author":[{"embeddable":true,"href":"https:\/\/nordic-oel.de\/index.php?rest_route=\/wp\/v2\/users\/1"}],"replies":[{"embeddable":true,"href":"https:\/\/nordic-oel.de\/index.php?rest_route=%2Fwp%2Fv2%2Fcomments&post=87"}],"version-history":[{"count":2,"href":"https:\/\/nordic-oel.de\/index.php?rest_route=\/wp\/v2\/pages\/87\/revisions"}],"predecessor-version":[{"id":89,"href":"https:\/\/nordic-oel.de\/index.php?rest_route=\/wp\/v2\/pages\/87\/revisions\/89"}],"wp:attachment":[{"href":"https:\/\/nordic-oel.de\/index.php?rest_route=%2Fwp%2Fv2%2Fmedia&parent=87"}],"curies":[{"name":"wp","href":"https:\/\/api.w.org\/{rel}","templated":true}]}}