

{"id":81,"date":"2023-07-10T12:25:59","date_gmt":"2023-07-10T12:25:59","guid":{"rendered":"https:\/\/nordic-oel.de\/?page_id=81"},"modified":"2023-09-26T08:50:41","modified_gmt":"2023-09-26T08:50:41","slug":"agb","status":"publish","type":"page","link":"https:\/\/nordic-oel.de\/?page_id=81","title":{"rendered":"AGB"},"content":{"rendered":"\n<div class=\"shopify-policy__title\">\n<h1>AGB<\/h1>\n<\/div>\n<div class=\"shopify-policy__body\">\n<div class=\"rte\">\n<div class=\"text-component margin-bottom-xl break-word\">\n<p>\u00a0<\/p>\n<p>Die nachfolgenden Allgemeinen Gesch\u00e4ftsbedingungen (AGB) gelten f\u00fcr den Verkauf von Waren durch die Nordic-oel (nachfolgend auch \u201eNordic Trading\u201c, \u201ewir\u201c oder \u201eVerk\u00e4ufer\u201c) \u00fcber unseren Online-Shop unter nordic-oel.de (nachfolgend auch \u201eShop\u201c oder \u201eWebsite\u201c) in ihrer jeweils zum Zeitpunkt des Vertragsschlusses g\u00fcltigen Fassung.\u00a0<\/p>\n<p>\u00a0<\/p>\n<p><strong>1. VERTRAGSSCHLUSS<\/strong><\/p>\n<p>(1) Die Warenpr\u00e4sentation auf unserer Website stellt lediglich eine unverbindliche Aufforderung an die Besucher unseres Shops dar, uns ein Kaufangebot zu unterbreiten. Die Absendung der Bestellung im Webshop durch Klick auf die Schaltfl\u00e4che \u201eKaufen\u201c stellt ein verbindliches Angebot zum Abschluss eines Kaufvertrages seitens des Besuchers dar.<\/p>\n<p>(2) Wir best\u00e4tigen den Eingang der Bestellung unmittelbar durch eine automatisch generierte E-Mail (\u201e<em>Eingangs<\/em>best\u00e4tigung\u201c). Diese Nachricht stellt noch keine Annahme des Angebots auf Abschluss eines Kaufvertrages dar. Ein wirksamer Kaufvertrag kommt erst mit dem Eingang einer weiteren E-Mail (\u201eVersandbest\u00e4tigung\u201c) oder durch Zusendung der bestellten Ware zustande.<\/p>\n<p>(3) Der Vertrag kommt zustande mit der<\/p>\n<div>Nordic-oel<\/div>\n<div>Dr.-Gessler-Stra\u00dfe 45<\/div>\n<div>93051 Regensburg<\/div>\n<p>\u00a0<\/p>\n<p><strong>2. PREISE UND ZAHLUNG<\/strong><\/p>\n<p>(1) Die angegebenen Preise verstehen sich in Euro inklusive der gesetzlichen Mehrwertsteuer zuz\u00fcglich der angegebenen Versandkosten. Es gelten die jeweils zum Zeitpunkt der Bestellung angegebenen Preise.<\/p>\n<p>(2) Der K\u00e4ufer (nachfolgend auch \u201eKunde\u201c) hat die M\u00f6glichkeit die Ware per Vorkasse, Nachnahme, Kreditkarte, SOFORT \u00dcberweisung, Apple Pay und Klarna-Rechnung zu bezahlen. Hat er die Zahlung per Vorkasse gew\u00e4hlt, so verpflichtet er sich, den Kaufpreis unverz\u00fcglich, das hei\u00dft innerhalb von sieben Tagen nach Vertragsschluss zu zahlen.<\/p>\n<p>(3) Wir behalten uns vor eine pauschale Mahngeb\u00fchr in H\u00f6he von 5,00 Euro pro Mahnung zu erheben, falls sich der K\u00e4ufer im Zahlungsverzug befindet. Dem K\u00e4ufer wird der Nachweis gestattet, dass ein wesentlich geringerer Schaden als diese Pauschale oder gar kein Schaden entstanden ist.<\/p>\n<p>(4) Etwaige R\u00fcckzahlungen veranlassen wir automatisch auf das von Ihnen zur Zahlung verwendete Konto. Bei Zahlung per Rechnung und Vorkasse, wird die R\u00fcck\u00fcberweisung an das Konto angewiesen, von dem die \u00dcberweisung get\u00e4tigt wurde.<\/p>\n<p>(5) Im Falle einer Zahlung mit Klarna: Die Zahlung wird durch unseren Partner Klarna abgewickelt. Bitte beachten Sie die von Klarna versandten Zahlungsinformationen. Sie k\u00f6nnen all Ihre Eink\u00e4ufe \u00fcber: klarna.com bzw. die Klarna App verwalten und sogar mit nur einem Klick bezahlen. In Zusammenarbeit mit Klarna Bank AB (publ), Sveav\u00e4gen 46, 111 34 Stockholm, Schweden, bieten wir die folgenden Zahlungsoptionen an. Die Zahlung erfolgt jeweils an Klarna:<\/p>\n<p>(5.1) Rechnung: Die Zahlungsfrist betr\u00e4gt 14 Tage. Die vollst\u00e4ndigen Rechnungsbedingungen f\u00fcr die L\u00e4nder in denen diese Zahlart verf\u00fcgbar ist finden Sie hier: Deutschland.<\/p>\n<p>(5.2) Ratenkauf: Mit dem Finanzierungsservice von Klarna k\u00f6nnen Sie Ihren Einkauf in festen oder flexiblen monatlichen Raten zu den in der Kasse angegebenen Bedingungen bezahlen. Weitere Informationen zum Ratenkauf finden Sie\u00a0<a href=\"https:\/\/s3-eu-west-1.amazonaws.com\/legal.klarnacdn.net\/de_DE\/installmentTermsPartPayment_24_de_DE.html\" target=\"_blank\" rel=\"noreferrer noopener\">hier\u00a0<\/a>(nur in den angegebenen L\u00e4ndern verf\u00fcgbar): Deutschland.<br \/>Die Nutzung der Zahlungsarten Rechnung und Ratenkauf setzt eine positive Bonit\u00e4tspr\u00fcfung voraus. Insofern leiten wir Ihre Daten im Rahmen der Kaufanbahnung und Abwicklung des Kaufvertrages an Klarna zum Zwecke der Adress- und Bonit\u00e4tspr\u00fcfung weiter. Bitte haben Sie Verst\u00e4ndnis daf\u00fcr, dass wir Ihnen nur diejenigen Zahlarten anbieten k\u00f6nnen, die aufgrund der Ergebnisse der Bonit\u00e4tspr\u00fcfung zul\u00e4ssig sind. Weitere Informationen und Klarnas Nutzungsbedingungen finden Sie\u00a0<a href=\"http:\/\/cdn.klarna.com\/1.0\/shared\/content\/legal\/terms\/0\/de_de\/user\" target=\"_blank\" rel=\"noreferrer noopener\">hier<\/a>. Allgemeine Informationen zu Klarna erhalten Sie hier. Ihre Personenangaben werden von Klarna in \u00dcbereinstimmung mit den geltenden Datenschutzbestimmungen und entsprechend den Angaben in Klarnas Datenschutzbestimmungen behandelt.<\/p>\n<p>(6) Der Nordic-oel verschl\u00fcsselt all Ihre Informationen mit SSL (Secure Socket Layer) Protokoll. Dies bedeutet, dass nicht autorisierte Personen keine Einsicht zu Ihren Daten gew\u00e4hrt wird.<\/p>\n<p>\u00a0<\/p>\n<p><strong>3. LIEFERUNG<\/strong><\/p>\n<p>(1) Die Lieferung von Waren erfolgt auf dem Versandweg an die vom K\u00e4ufer angegebene Lieferanschrift. In Ausnahmef\u00e4llen kann es durch Lieferengp\u00e4sse oder andere unvorhersehbare Umst\u00e4nde zu l\u00e4ngeren als den angegebenen Lieferzeiten kommen. Insbesondere haben wir keinen Einfluss auf Lieferverz\u00f6gerungen, welche durch das Versandunternehmen verursacht werden. Bei Auslandsbestellungen kann sich die Lieferung entsprechend verz\u00f6gern.<\/p>\n<p>(2) Der angegebene Lieferzeitraum beginnt mit Zahlungseingang.<\/p>\n<p>(3) Die Lieferkosten werden vom K\u00e4ufer getragen.<\/p>\n<p>(4) Sie k\u00f6nnen die Ware nicht direkt bei der Adresse von Nordic-oel abholen.<\/p>\n<p>\u00a0<\/p>\n<p><strong>4. EIGENTUMSVORBEHALT<\/strong><\/p>\n<p>Wir behalten uns das Eigentum an der Ware bis zur vollst\u00e4ndigen Bezahlung des Kaufpreises vor.<\/p>\n<p>\u00a0<\/p>\n<p><strong>5. REGISTRIERUNG AUF UNSERER WEBSITE<\/strong><\/p>\n<p>(1) Die Nordic-oel gibt dem Kunden die M\u00f6glichkeit, sich unter nordic-oel.de durch Klick auf die Schaltfl\u00e4che \u201eRegistrieren\u201c zu registrieren und ein Kundenkonto zu er\u00f6ffnen. Die Registrierung erfolgt rein freiwillig, um zuk\u00fcnftige Bestellungen zu vereinfachen. Die Registrierung ist nicht verpflichtend, um Bestellungen auszuf\u00fchren.<\/p>\n<p>(2) Der Kunde ist verpflichtet, seine pers\u00f6nlichen Zugangsdaten vertraulich zu behandeln und unbefugten Dritten nicht zug\u00e4nglich zu machen.<\/p>\n<p>(3) Die Registrierung bei der Nordic-oel ist unentgeltlich. Ein Anspruch auf Registrierung besteht nicht. Wir k\u00f6nnen die Anmeldung auch an weitere Voraussetzungen kn\u00fcpfen (z.B. Pr\u00fcfung der Anmeldedaten). Der Kunde ist verpflichtet, bei der Anmeldung ordnungsgem\u00e4\u00dfe und zutreffende Angaben zu machen. Ver\u00e4nderungen der Daten sollen vom Kunden zur Vermeidung von Kosten mitgeteilt werden, falls er eine neue Bestellung aufgeben will. Insbesondere hat der Kunde seinen vollst\u00e4ndigen Namen, seine Adresse sowie seine Email-Adresse anzugeben. Nordic-oel ist berechtigt, dem Kunden gegen\u00fcber abzugebende Erkl\u00e4rungen wirksam an dessen E-Mail-Adresse zuzustellen, soweit nicht durch Gesetz oder Vereinbarung eine strengere Form zwingend vorgeschrieben ist.<\/p>\n<p>(4) Die bei der Registrierung gespeicherten pers\u00f6nlichen Daten werden von uns gespeichert, so dass sich der Kunden jederzeit mit seinen Zugangsdaten wieder anmelden kann. Weitere Informationen zum Umgang mit den pers\u00f6nlichen Daten sowie dem Datenschutz allgemein sind der Datenschutzerkl\u00e4rung, abrufbar unter https:\/\/nordic-oel.de\/?page_id=3, zu entnehmen.<\/p>\n<p>(5) Ein Mindestalter von 18 Jahren ist f\u00fcr die Registrierung und Bestellung auf unserer Website erforderlich. Sie m\u00fcssen best\u00e4tigen, dass Sie mindestens 18 Jahre alt sind.<\/p>\n<p>\u00a0<\/p>\n<p><strong>6. WIDERRUFSRECHT<\/strong><\/p>\n<p>Verbrauchern steht ein\u00a0<strong>Widerrufsrecht<\/strong>\u00a0nach den folgenden Ma\u00dfgaben zu. Ein Verbraucher ist jede nat\u00fcrliche Person, die ein Rechtsgesch\u00e4ft zu Zwecken abschlie\u00dft, die \u00fcberwiegend weder ihrer gewerblichen noch ihrer selbst\u00e4ndigen beruflichen T\u00e4tigkeit zugerechnet werden k\u00f6nnen.<\/p>\n<p><strong>WIDERRUFSBELEHRUNG:<\/strong><\/p>\n<p>Sie haben das Recht, binnen vierzehn Tagen ohne Angabe von Gr\u00fcnden diesen Vertrag zu widerrufen.<\/p>\n<p>Die Widerrufsfrist betr\u00e4gt vierzehn Tage, ab dem Tag, an dem Sie oder ein von Ihnen benannter Dritter, der nicht der Bef\u00f6rderer ist, die Waren in Besitz genommen haben bzw. hat.<\/p>\n<p>Um Ihr Widerrufsrecht auszu\u00fcben, m\u00fcssen Sie uns:<\/p>\n<p>\u00a0<\/p>\n<div>Nordic-oel<\/div>\n<div>Dr.-Gessler-Stra\u00dfe 45<\/div>\n<div>93051 Regensburg<\/div>\n<p>\u00a0<\/p>\n<p>Telefon:\u00a0+49 (800) 0002523<\/p>\n<p>E-Mail:\u00a0info@nordic-oel.de<\/p>\n<p>\u00a0<\/p>\n<p>mittels einer eindeutigen Erkl\u00e4rung (z.B. ein mit der Post versandter Brief, Telefax oder E-Mail) \u00fcber Ihren Entschluss, diesen Vertrag zu widerrufen, informieren. Sie k\u00f6nnen daf\u00fcr das beigef\u00fcgte Muster-Widerrufsformular verwenden, das jedoch nicht vorgeschrieben ist.<\/p>\n<p>Zur Wahrung der Widerrufsfrist reicht es aus, dass Sie die Mitteilung \u00fcber die Aus\u00fcbung des Widerrufsrechts vor Ablauf der Widerrufsfrist absenden.<\/p>\n<p>\u00a0<\/p>\n<p><strong>FOLGEN DES WIDERRUFS:<\/strong><\/p>\n<p>Wenn Sie diesen Vertrag widerrufen, haben wir Ihnen alle Zahlungen, die wir von Ihnen erhalten haben, einschlie\u00dflich der Lieferkosten (mit Ausnahme der zus\u00e4tzlichen Kosten, die sich daraus ergeben, dass Sie eine andere Art der Lieferung als die von uns angebotene, g\u00fcnstigste Standardlieferung gew\u00e4hlt haben), unverz\u00fcglich und sp\u00e4testens binnen vierzehn Tagen ab dem Tag zur\u00fcckzuzahlen, an dem die Mitteilung \u00fcber Ihren Widerruf dieses Vertrags bei uns eingegangen ist. F\u00fcr diese R\u00fcckzahlung verwenden wir dasselbe Zahlungsmittel, das Sie bei der urspr\u00fcnglichen Transaktion eingesetzt haben, es sei denn, mit Ihnen wurde ausdr\u00fccklich etwas anderes vereinbart; in keinem Fall werden Ihnen wegen dieser R\u00fcckzahlung Entgelte berechnet.<\/p>\n<p>Wir k\u00f6nnen die R\u00fcckzahlung verweigern, bis wir die Waren wieder zur\u00fcckerhalten haben oder bis Sie den Nachweis erbracht haben, dass Sie die Waren zur\u00fcckgesandt haben, je nachdem, welches der fr\u00fchere Zeitpunkt ist. Sie haben die Waren unverz\u00fcglich und in jedem Fall sp\u00e4testens binnen vierzehn Tagen ab dem Tag, an dem Sie uns \u00fcber den Widerruf dieses Vertrages unterrichten, an uns zur\u00fcckzusenden oder zu \u00fcbergeben. Die Frist ist gewahrt, wenn Sie die Waren vor Ablauf der Frist von vierzehn Tagen absenden. Wir tragen die Kosten der R\u00fccksendung der Waren.<\/p>\n<p>Sie m\u00fcssen f\u00fcr einen etwaigen Wertverlust der Waren nur dann aufkommen, wenn dieser Wertverlust auf einen zur Pr\u00fcfung der Beschaffenheit, Eigenschaften und Funktionsweise der Waren nicht notwendigen Umgang mit diesen zur\u00fcckzuf\u00fchren ist.<\/p>\n<p><strong>WIDERRUFSFORMULAR<\/strong><\/p>\n<p>Wenn Sie den Vertrag widerrufen wollen, dann f\u00fcllen Sie bitte das nachfolgende Formular aus und senden Sie es an uns zur\u00fcck. Der Widerruf kann jedoch auch formlos erkl\u00e4rt werden.<\/p>\n<table width=\"482\">\n<tbody>\n<tr>\n<td>\n<p>Hiermit widerrufe(n) ich\/wir (*) den von mir\/uns (*) abgeschlossenen Vertrag \u00fcber den Kauf der folgenden Waren (*)\/die Erbringung der folgenden Dienstleistung (*)<\/p>\n<div class=\"is-divider divider clearfix\" ><\/div><div class=\"is-divider divider clearfix\" ><\/div><div class=\"is-divider divider clearfix\" ><\/div><div class=\"is-divider divider clearfix\" ><\/div><div class=\"is-divider divider clearfix\" ><\/div><div class=\"is-divider divider clearfix\" ><\/div><div class=\"is-divider divider clearfix\" ><\/div><div class=\"is-divider divider clearfix\" ><\/div><div class=\"is-divider divider clearfix\" ><\/div><div class=\"is-divider divider clearfix\" ><\/div><div class=\"is-divider divider clearfix\" ><\/div>\n<p>\u00a0<\/p>\n<p>Bestellt am (*)\/erhalten am (*)<\/p>\n<div class=\"is-divider divider clearfix\" ><\/div><div class=\"is-divider divider clearfix\" ><\/div><div class=\"is-divider divider clearfix\" ><\/div><div class=\"is-divider divider clearfix\" ><\/div>\n<p>\u00a0<\/p>\n<p>Name des\/der Verbraucher(s)<\/p>\n<div class=\"is-divider divider clearfix\" ><\/div><div class=\"is-divider divider clearfix\" ><\/div><div class=\"is-divider divider clearfix\" ><\/div><div class=\"is-divider divider clearfix\" ><\/div><div class=\"is-divider divider clearfix\" ><\/div><div class=\"is-divider divider clearfix\" ><\/div><div class=\"is-divider divider clearfix\" ><\/div><div class=\"is-divider divider clearfix\" ><\/div><div class=\"is-divider divider clearfix\" ><\/div><div class=\"is-divider divider clearfix\" ><\/div><div class=\"is-divider divider clearfix\" ><\/div>\n<p>\u00a0<\/p>\n<p>Anschrift des\/der Verbraucher(s)<\/p>\n<div class=\"is-divider divider clearfix\" ><\/div><div class=\"is-divider divider clearfix\" ><\/div><div class=\"is-divider divider clearfix\" ><\/div><div class=\"is-divider divider clearfix\" ><\/div><div class=\"is-divider divider clearfix\" ><\/div><div class=\"is-divider divider clearfix\" ><\/div><div class=\"is-divider divider clearfix\" ><\/div><div class=\"is-divider divider clearfix\" ><\/div><div class=\"is-divider divider clearfix\" ><\/div><div class=\"is-divider divider clearfix\" ><\/div><div class=\"is-divider divider clearfix\" ><\/div>\n<p>\u00a0<\/p>\n<p>Unterschrift des\/der Verbraucher(s) (nur bei Mitteilung auf Papier)<\/p>\n<p>\u00a0<\/p>\n<div class=\"is-divider divider clearfix\" ><\/div><div class=\"is-divider divider clearfix\" ><\/div><div class=\"is-divider divider clearfix\" ><\/div><div class=\"is-divider divider clearfix\" ><\/div>\n<p>\u00a0<\/p>\n<p>Datum<\/p>\n<div class=\"is-divider divider clearfix\" ><\/div><div class=\"is-divider divider clearfix\" ><\/div><div class=\"is-divider divider clearfix\" ><\/div><div class=\"is-divider divider clearfix\" ><\/div>\n<p>\u00a0<\/p>\n<p>(*) Unzutreffendes streichen.<\/p>\n<p>\u00a0<\/p>\n<\/td>\n<\/tr>\n<\/tbody>\n<\/table>\n<p>\u00a0<\/p>\n<p><strong>AUSSCHLUSS BZW. VORZEITIGES ERL\u00d6SCHEN DES WIDERRUFSRECHT:<\/strong><\/p>\n<p>\u00a0<\/p>\n<p>Das Widerrufsrecht besteht nicht bei Vertr\u00e4gen zur Lieferung von Waren, die nicht vorgefertigt sind und f\u00fcr deren Herstellung eine individuelle Auswahl oder Bestimmung durch den Verbraucher ma\u00dfgeblich ist oder die eindeutig auf die pers\u00f6nlichen Bed\u00fcrfnisse des Verbrauchers zugeschnitten sind.<\/p>\n<p>\u00a0<\/p>\n<p>Das Widerrufsrecht besteht ferner nicht bei Vertr\u00e4gen zur Lieferung versiegelter Waren, die aus Gr\u00fcnden des Gesundheitsschutzes oder der Hygiene nicht zur R\u00fcckgabe geeignet sind, wenn ihre Versiegelung nach der Lieferung entfernt wurde;<\/p>\n<p>\u00a0<\/p>\n<p>\u00a0<\/p>\n<p><strong>7. GEW\u00c4HRLEISTUNG<\/strong><\/p>\n<p>Es gelten die gesetzlichen Gew\u00e4hrleistungsrechte.<\/p>\n<p>\u00a0<\/p>\n<p><strong>8. HAFTUNGSAUSSCHLUSS<\/strong><\/p>\n<p>(1) Der Verk\u00e4ufer haftet unbeschr\u00e4nkt f\u00fcr Vorsatz und grobe Fahrl\u00e4ssigkeit. F\u00fcr einfache Fahrl\u00e4ssigkeit haftet der Verk\u00e4ufer nur f\u00fcr Sch\u00e4den aus der Verletzung des Lebens, des K\u00f6rpers, der Gesundheit oder einer wesentlichen Vertragspflicht (Verpflichtung, deren Erf\u00fcllung die ordnungsgem\u00e4\u00dfe Durchf\u00fchrung des Vertrags \u00fcberhaupt erst erm\u00f6glicht und auf deren Einhaltung der Vertragspartner regelm\u00e4\u00dfig vertraut und vertrauen darf).<\/p>\n<p>(2) Im Fall der einfach fahrl\u00e4ssigen Verletzung wesentlicher Vertragspflichten ist die Haftung des Verk\u00e4ufers der H\u00f6he nach begrenzt auf den vorhersehbaren, typischerweise eintretenden Schaden. Im \u00dcbrigen ist die Haftung des Verk\u00e4ufers ausgeschlossen.<\/p>\n<p><strong>(3) Achtung: Wenn Sie eines unserer \u00d6le bestellt haben, beachten Sie bitte, dass das \u00d6l auslaufen kann, wenn w\u00e4hrend des Transports \u00d6l in das Gewinde gelangt. Wir empfehlen daher, das \u00d6l nicht zu transportieren. Dar\u00fcber hinaus empfehlen wir Ihnen, diesen Artikel \u00fcber Reinigung und Lagerung zu lesen.<\/strong><\/p>\n<p>(4) Die vorstehenden Haftungsbeschr\u00e4nkungen gelten auch zugunsten der gesetzlichen Vertreter und Erf\u00fcllungsgehilfen des Verk\u00e4ufers.<\/p>\n<p>(5) Die vorstehenden Haftungsbeschr\u00e4nkungen gelten nicht, soweit der Verk\u00e4ufer einen Mangel arglistig verschwiegen hat oder eine Garantie f\u00fcr die Beschaffenheit der Ware \u00fcbernommen hat. Das gleiche gilt f\u00fcr Anspr\u00fcche des K\u00e4ufers nach dem Produkthaftungsgesetz.<\/p>\n<p>\u00a0<\/p>\n<p><strong>9. ELEKTRONISCHE KOMMUNIKATION<\/strong><\/p>\n<p>(1) Der K\u00e4ufer stimmt ausdr\u00fccklich zu, dass die Kommunikation zwischen ihm und der Nordic Trading elektronisch, insbesondere \u00fcber unverschl\u00fcsselte E-Mail, stattfindet. Dem K\u00e4ufer ist bekannt, dass unverschl\u00fcsselte E-Mails nur eine eingeschr\u00e4nkte Sicherheit und Vertraulichkeit bieten.<\/p>\n<p>(2) Der K\u00e4ufer hat sicherzustellen, dass die von ihm zur Bestellabwicklung angegebene E-Mail-Adresse zutreffend ist, so dass unter dieser Adresse die vom Verk\u00e4ufer versandten E-Mails empfangen werden k\u00f6nnen. Insbesondere hat der Kunde bei dem Einsatz von SPAM-Filtern sicherzustellen, dass alle vom Verk\u00e4ufer oder von diesem mit der Bestellabwicklung beauftragten Dritten versandten E-Mails zugestellt werden k\u00f6nnen.<\/p>\n<p>\u00a0<\/p>\n<p><strong>10. SCHLUSSBESTIMMUNGEN<\/strong><\/p>\n<p>(1) Allgemeine Gesch\u00e4ftsbedingungen (AGB) des K\u00e4ufers werden nicht Vertragsbestandteil, auch wenn Nordic Trading diesen nicht ausdr\u00fccklich widerspricht.<\/p>\n<p>(2) Die Europ\u00e4ische Kommission stellt eine Plattform zur Online-Streitbeilegung (OS) bereit:\u00a0<a href=\"https:\/\/ec.europa.eu\/consumers\/odr\/main\/index.cfm?event=main.home.chooseLanguage\" target=\"_blank\" rel=\"noreferrer noopener\">https:\/\/ec.europa.eu\/consumers\/odr\/main\/index.cfm?event=main.home.chooseLanguage<\/a><\/p>\n<p>(3) Wir sind nicht bereit oder verpflichtet, an Streitbeilegungsverfahren vor einer Verbraucherschlichtungsstelle teilzunehmen.<\/p>\n<\/div>\n<\/div>\n<\/div>\n\n","protected":false},"excerpt":{"rendered":"","protected":false},"author":1,"featured_media":0,"parent":0,"menu_order":0,"comment_status":"closed","ping_status":"closed","template":"","meta":{"footnotes":""},"class_list":["post-81","page","type-page","status-publish","hentry"],"_links":{"self":[{"href":"https:\/\/nordic-oel.de\/index.php?rest_route=\/wp\/v2\/pages\/81","targetHints":{"allow":["GET"]}}],"collection":[{"href":"https:\/\/nordic-oel.de\/index.php?rest_route=\/wp\/v2\/pages"}],"about":[{"href":"https:\/\/nordic-oel.de\/index.php?rest_route=\/wp\/v2\/types\/page"}],"author":[{"embeddable":true,"href":"https:\/\/nordic-oel.de\/index.php?rest_route=\/wp\/v2\/users\/1"}],"replies":[{"embeddable":true,"href":"https:\/\/nordic-oel.de\/index.php?rest_route=%2Fwp%2Fv2%2Fcomments&post=81"}],"version-history":[{"count":3,"href":"https:\/\/nordic-oel.de\/index.php?rest_route=\/wp\/v2\/pages\/81\/revisions"}],"predecessor-version":[{"id":101,"href":"https:\/\/nordic-oel.de\/index.php?rest_route=\/wp\/v2\/pages\/81\/revisions\/101"}],"wp:attachment":[{"href":"https:\/\/nordic-oel.de\/index.php?rest_route=%2Fwp%2Fv2%2Fmedia&parent=81"}],"curies":[{"name":"wp","href":"https:\/\/api.w.org\/{rel}","templated":true}]}}